{"id":6363,"date":"2017-03-14T10:44:18","date_gmt":"2017-03-14T10:44:18","guid":{"rendered":"http:\/\/lasaldelatierra.es\/en\/productos-servicios\/viviendas-sostenibles\/"},"modified":"2019-03-02T10:14:19","modified_gmt":"2019-03-02T10:14:19","slug":"viviendas-sostenibles","status":"publish","type":"page","link":"https:\/\/lasaldelatierra.es\/en\/products-services\/viviendas-sostenibles\/","title":{"rendered":"Sustainable houses"},"content":{"rendered":"<p>[vc_row top=&#8221;100px&#8221; bg_color=&#8221;#efefef&#8221;][vc_column][vc_heading h_size=&#8221;h-extralarge&#8221; title=&#8221;Sustainable houses&#8221; title_color=&#8221;#374357&#8243; css_animation=&#8221;bottom-to-top&#8221;][\/vc_column][\/vc_row][vc_row][vc_column width=&#8221;1\/3&#8243;][vc_magic_image image=&#8221;5668&#8243; alignment=&#8221;center&#8221; img_size=&#8221;263&#215;500&#8243;][\/vc_column][vc_column width=&#8221;2\/3&#8243;][vc_empty_space height=&#8221;40px&#8221;][vc_heading h_size=&#8221;h-small&#8221; title=&#8221;How we can help you&#8221; title_color=&#8221;#374357&#8243; subtitle=&#8221;Our services&#8221; alignment=&#8221;align-left&#8221;][vc_column_text]Nuestro objetivo es ayudar a nuestros clientes a construir o rehabilitar viviendas aplicando\u00a0medidas de eficiencia energ\u00e9tica que disminuyan la demanda final de las mismas. El coste de estas medidas se rentabiliza por la disminuci\u00f3n de los costes energ\u00e9ticos de las viviendas.<\/p>\n<p>Adem\u00e1s, dise\u00f1amos sistemas energ\u00e9ticos renovables para sustituir de forma rentable a los sistemas de producci\u00f3n de energ\u00eda convencionales. De esta forma disminuimos de forma muy importante las emisiones de CO2 \u00a0provocadas por las viviendas al mismo tiempo que reducimos los costes energ\u00e9ticos.<\/p>\n<p>Para ayudar a nuestros clientes a afrontar la mayor inversi\u00f3n inicial, ofrecemos la financiaci\u00f3n de estas medidas a trav\u00e9s del esquema de Empresa de Servicios Energ\u00e9ticos (ESE).<\/p>\n<p>Le ayudamos a hacer viviendas sostenibles, m\u00e1s eficientes y m\u00e1s rentables. Al mismo tiempo ayudamos a reducir la presi\u00f3n medioambiental sobre el planeta y a alcanzar los objetivos establecidos en la cumbre del clima de Paris.[\/vc_column_text][vc_empty_space height=&#8221;40px&#8221;][vc_heading h_size=&#8221;h-small&#8221; title=&#8221;Energy Efficiency&#8221; title_color=&#8221;#374357&#8243; subtitle=&#8221;Diminishing energy consumption&#8221; alignment=&#8221;align-left&#8221;][vc_column_text]Energy efficiency has to be the main tool for new housing and buildings. Through it, total energy demand is reduced and therefore we reduce energy consumption. With this we achieve an economic saving and diminishing of the CO2 emissions.[\/vc_column_text][vc_empty_space height=&#8221;60px&#8221;][vc_heading h_size=&#8221;h-small&#8221; title=&#8221;Renewable Energies&#8221; title_color=&#8221;#374357&#8243; subtitle=&#8221;Reducing CO2 emissions and air pollution&#8221; alignment=&#8221;align-left&#8221;][vc_column_text]La integraci\u00f3n de las energ\u00edas renovables en las viviendas y edificios, empezando por las m\u00e1s rentables, como la geotermia, es otro paso fundamental hacia la consecuci\u00f3n de viviendas sostenibles. Las instalaciones de geotermia sustituyen m\u00e1s del 80% de la energ\u00eda primaria de la demanda que atienden\u00a0por energ\u00eda renovable sin emisiones ni impactos visuales ni sonoros.[\/vc_column_text][vc_empty_space height=&#8221;40px&#8221;][\/vc_column][\/vc_row]<\/p>\n","protected":false},"excerpt":{"rendered":"<p>[vc_row top=&#8221;100px&#8221; bg_color=&#8221;#efefef&#8221;][vc_column][vc_heading h_size=&#8221;h-extralarge&#8221; title=&#8221;Sustainable houses&#8221; title_color=&#8221;#374357&#8243; css_animation=&#8221;bottom-to-top&#8221;][\/vc_column][\/vc_row][vc_row][vc_column width=&#8221;1\/3&#8243;][vc_magic_image image=&#8221;5668&#8243; alignment=&#8221;center&#8221; img_size=&#8221;263&#215;500&#8243;][\/vc_column][vc_column width=&#8221;2\/3&#8243;][vc_empty_space height=&#8221;40px&#8221;][vc_heading h_size=&#8221;h-small&#8221; title=&#8221;How we can help you&#8221; title_color=&#8221;#374357&#8243; subtitle=&#8221;Our services&#8221; alignment=&#8221;align-left&#8221;][vc_column_text]Nuestro objetivo es ayudar a nuestros clientes a construir o rehabilitar viviendas aplicando\u00a0medidas de eficiencia energ\u00e9tica que disminuyan la demanda final de las mismas. El coste de estas medidas se rentabiliza por la disminuci\u00f3n de los costes energ\u00e9ticos de las viviendas. Adem\u00e1s, dise\u00f1amos sistemas energ\u00e9ticos renovables para sustituir de forma rentable a&#8230;  <\/p>\n<div class=\"read-more\"><a class=\"excerpt-read-more\" href=\"https:\/\/lasaldelatierra.es\/en\/products-services\/viviendas-sostenibles\/\" title=\"Continue reading Sustainable houses\">Read more<i class=\"fa fa-angle-right\"><\/i><\/a><\/div>\n","protected":false},"author":4,"featured_media":0,"parent":6326,"menu_order":0,"comment_status":"closed","ping_status":"closed","template":"page-full-width.php","meta":{"spay_email":""},"_links":{"self":[{"href":"https:\/\/lasaldelatierra.es\/en\/wp-json\/wp\/v2\/pages\/6363"}],"collection":[{"href":"https:\/\/lasaldelatierra.es\/en\/wp-json\/wp\/v2\/pages"}],"about":[{"href":"https:\/\/lasaldelatierra.es\/en\/wp-json\/wp\/v2\/types\/page"}],"author":[{"embeddable":true,"href":"https:\/\/lasaldelatierra.es\/en\/wp-json\/wp\/v2\/users\/4"}],"replies":[{"embeddable":true,"href":"https:\/\/lasaldelatierra.es\/en\/wp-json\/wp\/v2\/comments?post=6363"}],"version-history":[{"count":3,"href":"https:\/\/lasaldelatierra.es\/en\/wp-json\/wp\/v2\/pages\/6363\/revisions"}],"predecessor-version":[{"id":6366,"href":"https:\/\/lasaldelatierra.es\/en\/wp-json\/wp\/v2\/pages\/6363\/revisions\/6366"}],"up":[{"embeddable":true,"href":"https:\/\/lasaldelatierra.es\/en\/wp-json\/wp\/v2\/pages\/6326"}],"wp:attachment":[{"href":"https:\/\/lasaldelatierra.es\/en\/wp-json\/wp\/v2\/media?parent=6363"}],"curies":[{"name":"wp","href":"https:\/\/api.w.org\/{rel}","templated":true}]}}