{"id":6341,"date":"2017-04-28T22:23:24","date_gmt":"2017-04-28T22:23:24","guid":{"rendered":"http:\/\/lasaldelatierra.es\/en\/productos-servicios\/informes-periciales\/"},"modified":"2020-10-19T16:15:15","modified_gmt":"2020-10-19T16:15:15","slug":"informes-periciales","status":"publish","type":"page","link":"https:\/\/lasaldelatierra.es\/en\/products-services\/informes-periciales\/","title":{"rendered":"Informes Periciales"},"content":{"rendered":"<p>[vc_row top=&#8221;100px&#8221; bg_color=&#8221;#efefef&#8221;][vc_column][vc_heading h_size=&#8221;h-extralarge&#8221; title=&#8221;Informes Periciales&#8221; title_color=&#8221;#374357&#8243; css_animation=&#8221;bottom-to-top&#8221;][\/vc_column][\/vc_row][vc_row][vc_column width=&#8221;1\/3&#8243;][vc_magic_image image=&#8221;6101&#8243; alignment=&#8221;center&#8221; img_size=&#8221;full&#8221;][\/vc_column][vc_column width=&#8221;2\/3&#8243;][vc_empty_space height=&#8221;40px&#8221;][vc_heading h_size=&#8221;h-small&#8221; title=&#8221;Elaboraci\u00f3n de informes periciales&#8221; title_color=&#8221;#374357&#8243; alignment=&#8221;align-left&#8221;][vc_column_text]Disponemos de una red de peritos judiciales con amplia experiencia con el que cubrimos la realizaci\u00f3n de informes periciales de todas las tecnolog\u00edas. En funci\u00f3n de las especialidades y tecnolog\u00edas involucradas en el requerimiento del cliente, participar\u00e1 uno o varios de nuestros peritos en la elaboraci\u00f3n del mismo.<\/p>\n<p>Nuestros informes periciales incluyen tanto la parte t\u00e9cnica como la evaluaci\u00f3n econ\u00f3mica de da\u00f1os, lucro cesante, etc.[\/vc_column_text][vc_empty_space height=&#8221;40px&#8221;][\/vc_column][\/vc_row]<\/p>\n","protected":false},"excerpt":{"rendered":"<p>[vc_row top=&#8221;100px&#8221; bg_color=&#8221;#efefef&#8221;][vc_column][vc_heading h_size=&#8221;h-extralarge&#8221; title=&#8221;Informes Periciales&#8221; title_color=&#8221;#374357&#8243; css_animation=&#8221;bottom-to-top&#8221;][\/vc_column][\/vc_row][vc_row][vc_column width=&#8221;1\/3&#8243;][vc_magic_image image=&#8221;6101&#8243; alignment=&#8221;center&#8221; img_size=&#8221;full&#8221;][\/vc_column][vc_column width=&#8221;2\/3&#8243;][vc_empty_space height=&#8221;40px&#8221;][vc_heading h_size=&#8221;h-small&#8221; title=&#8221;Elaboraci\u00f3n de informes periciales&#8221; title_color=&#8221;#374357&#8243; alignment=&#8221;align-left&#8221;][vc_column_text]Disponemos de una red de peritos judiciales con amplia experiencia con el que cubrimos la realizaci\u00f3n de informes periciales de todas las tecnolog\u00edas. En funci\u00f3n de las especialidades y tecnolog\u00edas involucradas en el requerimiento del cliente, participar\u00e1 uno o varios de nuestros peritos en la elaboraci\u00f3n del mismo. Nuestros informes periciales incluyen tanto la parte&#8230;  <\/p>\n<div class=\"read-more\"><a class=\"excerpt-read-more\" href=\"https:\/\/lasaldelatierra.es\/en\/products-services\/informes-periciales\/\" title=\"Continue reading Informes Periciales\">Read more<i class=\"fa fa-angle-right\"><\/i><\/a><\/div>\n","protected":false},"author":4,"featured_media":0,"parent":6326,"menu_order":0,"comment_status":"closed","ping_status":"closed","template":"page-full-width.php","meta":{"spay_email":""},"_links":{"self":[{"href":"https:\/\/lasaldelatierra.es\/en\/wp-json\/wp\/v2\/pages\/6341"}],"collection":[{"href":"https:\/\/lasaldelatierra.es\/en\/wp-json\/wp\/v2\/pages"}],"about":[{"href":"https:\/\/lasaldelatierra.es\/en\/wp-json\/wp\/v2\/types\/page"}],"author":[{"embeddable":true,"href":"https:\/\/lasaldelatierra.es\/en\/wp-json\/wp\/v2\/users\/4"}],"replies":[{"embeddable":true,"href":"https:\/\/lasaldelatierra.es\/en\/wp-json\/wp\/v2\/comments?post=6341"}],"version-history":[{"count":3,"href":"https:\/\/lasaldelatierra.es\/en\/wp-json\/wp\/v2\/pages\/6341\/revisions"}],"predecessor-version":[{"id":13971,"href":"https:\/\/lasaldelatierra.es\/en\/wp-json\/wp\/v2\/pages\/6341\/revisions\/13971"}],"up":[{"embeddable":true,"href":"https:\/\/lasaldelatierra.es\/en\/wp-json\/wp\/v2\/pages\/6326"}],"wp:attachment":[{"href":"https:\/\/lasaldelatierra.es\/en\/wp-json\/wp\/v2\/media?parent=6341"}],"curies":[{"name":"wp","href":"https:\/\/api.w.org\/{rel}","templated":true}]}}