{"id":6337,"date":"2017-03-14T10:42:00","date_gmt":"2017-03-14T10:42:00","guid":{"rendered":"http:\/\/lasaldelatierra.es\/en\/productos-servicios\/aerotermia\/"},"modified":"2020-10-20T07:47:50","modified_gmt":"2020-10-20T07:47:50","slug":"aerotermia","status":"publish","type":"page","link":"https:\/\/lasaldelatierra.es\/en\/products-services\/aerotermia\/","title":{"rendered":"Aerotermia"},"content":{"rendered":"<p>[vc_row top=&#8221;100px&#8221; bg_color=&#8221;#efefef&#8221;][vc_column][vc_heading h_size=&#8221;h-large&#8221; title=&#8221;Aerotermia&#8221; title_color=&#8221;#374357&#8243; css_animation=&#8221;bottom-to-top&#8221;][\/vc_column][\/vc_row][vc_row][vc_column width=&#8221;1\/3&#8243;][vc_magic_image image=&#8221;6103&#8243; alignment=&#8221;center&#8221; img_size=&#8221;full&#8221;][\/vc_column][vc_column width=&#8221;2\/3&#8243;][vc_empty_space height=&#8221;40px&#8221;][vc_heading h_size=&#8221;h-small&#8221; title=&#8221;Aerotermia: La energ\u00eda del aire ambiente&#8221; title_color=&#8221;#374357&#8243; alignment=&#8221;align-left&#8221;][vc_column_text]La aerotermia consiste en el aprovechamiento de la energ\u00eda t\u00e9rmica del aire ambiente a trav\u00e9s de una bomba de calor aire-agua.\u00a0El rendimiento de esta tecnolog\u00eda es inferior al de la geotermia, pero permite disminuir el presupuesto de inversi\u00f3n.[\/vc_column_text][vc_empty_space height=&#8221;60px&#8221;][vc_heading h_size=&#8221;h-small&#8221; title=&#8221;Hibridaci\u00f3n con Aerotermia&#8221; title_tag=&#8221;h2&#8243; title_color=&#8221;#374357&#8243; alignment=&#8221;align-left&#8221;][vc_column_text]<span style=\"color: #7d8d9e;\">La aerotermia no se considera en la mayor\u00eda de las ocasiones una energ\u00eda renovable, de acuerdo a las exigencias de rendimientos m\u00ednimos de la normativa vigente, por lo que si se instala para el sector residencial o terciario es necesario h\u00edbridarla con otra energ\u00eda renovable.<\/span><\/p>\n<p>La hibridaci\u00f3n m\u00e1s habitual es con energ\u00eda solar t\u00e9rmica, Tambi\u00e9n puede utilizarse junto con una instalaci\u00f3n geot\u00e9rmica, para de esta forma disminuir el presupuesto de inversi\u00f3n total. La geotermia en este \u00faltimo caso dar\u00eda toda la energ\u00eda de base y la aerotermia las puntas que superan la potencia m\u00e1xima del sistema geot\u00e9rmico.[\/vc_column_text][vc_empty_space height=&#8221;40px&#8221;][\/vc_column][\/vc_row]<\/p>\n","protected":false},"excerpt":{"rendered":"<p>[vc_row top=&#8221;100px&#8221; bg_color=&#8221;#efefef&#8221;][vc_column][vc_heading h_size=&#8221;h-large&#8221; title=&#8221;Aerotermia&#8221; title_color=&#8221;#374357&#8243; css_animation=&#8221;bottom-to-top&#8221;][\/vc_column][\/vc_row][vc_row][vc_column width=&#8221;1\/3&#8243;][vc_magic_image image=&#8221;6103&#8243; alignment=&#8221;center&#8221; img_size=&#8221;full&#8221;][\/vc_column][vc_column width=&#8221;2\/3&#8243;][vc_empty_space height=&#8221;40px&#8221;][vc_heading h_size=&#8221;h-small&#8221; title=&#8221;Aerotermia: La energ\u00eda del aire ambiente&#8221; title_color=&#8221;#374357&#8243; alignment=&#8221;align-left&#8221;][vc_column_text]La aerotermia consiste en el aprovechamiento de la energ\u00eda t\u00e9rmica del aire ambiente a trav\u00e9s de una bomba de calor aire-agua.\u00a0El rendimiento de esta tecnolog\u00eda es inferior al de la geotermia, pero permite disminuir el presupuesto de inversi\u00f3n.[\/vc_column_text][vc_empty_space height=&#8221;60px&#8221;][vc_heading h_size=&#8221;h-small&#8221; title=&#8221;Hibridaci\u00f3n con Aerotermia&#8221; title_tag=&#8221;h2&#8243; title_color=&#8221;#374357&#8243; alignment=&#8221;align-left&#8221;][vc_column_text]La aerotermia no se considera en la mayor\u00eda de&#8230;  <\/p>\n<div class=\"read-more\"><a class=\"excerpt-read-more\" href=\"https:\/\/lasaldelatierra.es\/en\/products-services\/aerotermia\/\" title=\"Continue reading Aerotermia\">Read more<i class=\"fa fa-angle-right\"><\/i><\/a><\/div>\n","protected":false},"author":4,"featured_media":0,"parent":6326,"menu_order":0,"comment_status":"closed","ping_status":"closed","template":"page-full-width.php","meta":{"spay_email":""},"_links":{"self":[{"href":"https:\/\/lasaldelatierra.es\/en\/wp-json\/wp\/v2\/pages\/6337"}],"collection":[{"href":"https:\/\/lasaldelatierra.es\/en\/wp-json\/wp\/v2\/pages"}],"about":[{"href":"https:\/\/lasaldelatierra.es\/en\/wp-json\/wp\/v2\/types\/page"}],"author":[{"embeddable":true,"href":"https:\/\/lasaldelatierra.es\/en\/wp-json\/wp\/v2\/users\/4"}],"replies":[{"embeddable":true,"href":"https:\/\/lasaldelatierra.es\/en\/wp-json\/wp\/v2\/comments?post=6337"}],"version-history":[{"count":4,"href":"https:\/\/lasaldelatierra.es\/en\/wp-json\/wp\/v2\/pages\/6337\/revisions"}],"predecessor-version":[{"id":13996,"href":"https:\/\/lasaldelatierra.es\/en\/wp-json\/wp\/v2\/pages\/6337\/revisions\/13996"}],"up":[{"embeddable":true,"href":"https:\/\/lasaldelatierra.es\/en\/wp-json\/wp\/v2\/pages\/6326"}],"wp:attachment":[{"href":"https:\/\/lasaldelatierra.es\/en\/wp-json\/wp\/v2\/media?parent=6337"}],"curies":[{"name":"wp","href":"https:\/\/api.w.org\/{rel}","templated":true}]}}