{"id":6326,"date":"2015-04-26T13:48:14","date_gmt":"2015-04-26T13:48:14","guid":{"rendered":"http:\/\/lasaldelatierra.es\/en\/productos-servicios\/"},"modified":"2021-03-04T11:50:23","modified_gmt":"2021-03-04T11:50:23","slug":"products-services","status":"publish","type":"page","link":"https:\/\/lasaldelatierra.es\/en\/products-services\/","title":{"rendered":"Products and Services"},"content":{"rendered":"<p>[vc_row top=&#8221;280px&#8221; bottom=&#8221;200px&#8221; content_fadeout=&#8221;content-fadeout&#8221; overlay_pattern=&#8221;sm_cell_b&#8221; overlay_pattern_op=&#8221;0.1&#8243; bg_color=&#8221;#3e4058&#8243;][vc_column][vc_heading h_size=&#8221;h-extralarge&#8221; title=&#8221;Productos y servicios&#8221; title_tag=&#8221;h2&#8243; title_color=&#8221;#ffffff&#8221; subtitle_color=&#8221;#ffffff&#8221; divider=&#8221;div-between&#8221; divider_type=&#8221;div-wide-thick&#8221; divider_color=&#8221;#30b9e6&#8243;][vc_column_text]Energias Renovables y Eficiencia Energ\u00e9tica. Nos dedicamos a mejorar la eficiencia energ\u00e9tica y a realizar proyectos de energ\u00edas renovables tanto en empresas como en viviendas y edificios. Las energ\u00edas renovables como la geotermia, la fotovoltaica, la aerotermia, la solar t\u00e9rmica e incluso, aunque en menor medida, la e\u00f3lica ya forman parte del entorno natural de las empresas y viviendas. En LaSalDeLaTierra podemos ayudarles en cualquiera de las fases de un proyecto, desde el dise\u00f1o conceptual e ingenier\u00eda b\u00e1sica hasta la puesta en marcha en operaci\u00f3n o de todas las fases mediante la realizaci\u00f3n de un proyecto &#8220;llave en mano&#8221;[\/vc_column_text][\/vc_column][\/vc_row][vc_row top=&#8221;100px&#8221; bottom=&#8221;30px&#8221;][vc_column][vc_heading h_size=&#8221;h-large&#8221; title=&#8221;Nuestros productos y servicios&#8221; subtitle=&#8221;Un resumen de lo que hacemos&#8221; divider=&#8221;div-between&#8221; divider_color=&#8221;#36353c&#8221; css_animation=&#8221;bottom-to-top&#8221;][vc_empty_space height=&#8221;30px&#8221;][\/vc_column][\/vc_row][vc_row top=&#8221;0px&#8221; bottom=&#8221;80px&#8221; textalign=&#8221;center&#8221;][vc_column width=&#8221;1\/3&#8243;][vc_service type=&#8221;simplelineicons&#8221; icon_simplelineicons=&#8221;icon-speedometer&#8221; title=&#8221;&#8221; icon_position=&#8221;sb_center&#8221; icon_shape=&#8221;service-hexagon&#8221; css_animation=&#8221;bottom-to-top&#8221; css_animation_delay=&#8221;delay-200&#8243; icon_name=&#8221;icon-speedometer&#8221; icon_color=&#8221;#ffffff&#8221; bg_color=&#8221;#30b9e6&#8243;][\/vc_service][vc_column_text]<\/p>\n<h2>GEOTERMIA<\/h2>\n<p>Proyectos llave en mano<br \/>\nSondeos<br \/>\nBombas de calor geot\u00e9rmicas<br \/>\nSuelo y techo radiante[\/vc_column_text][vc_empty_space height=&#8221;30px&#8221;][vc_button title=&#8221;M\u00c1S INFO&#8221; type=&#8221;simplelineicons&#8221; icon_simplelineicons=&#8221;icon-arrow-right&#8221; icon_pos=&#8221;icon-right&#8221; color=&#8221;btn_black&#8221; css_animation=&#8221;bottom-to-top&#8221; css_animation_delay=&#8221;delay-600&#8243; icon_name=&#8221;icon-arrow-right&#8221; link=&#8221;url:http%3A%2F%2Flasaldelatierra.es%2Fproductos-servicios%2Fgeotermia%2F|||&#8221;][vc_empty_space height=&#8221;50px&#8221;][\/vc_column][vc_column width=&#8221;1\/3&#8243;][vc_service type=&#8221;linecons&#8221; icon_linecons=&#8221;vc_li vc_li-display&#8221; title=&#8221;&#8221; icon_position=&#8221;sb_center&#8221; icon_shape=&#8221;service-hexagon&#8221; css_animation=&#8221;bottom-to-top&#8221; css_animation_delay=&#8221;delay-400&#8243; icon_name=&#8221;li_display&#8221; icon_color=&#8221;#ffffff&#8221; bg_color=&#8221;#30b9e6&#8243;][\/vc_service][vc_column_text]<\/p>\n<h2>AEROTERMIA<\/h2>\n<p>Proyectos llave en mano<br \/>\nBombas de calor aerot\u00e9rmicas<br \/>\nSuelo radiante[\/vc_column_text][vc_empty_space height=&#8221;30px&#8221;][vc_button title=&#8221;M\u00c1S INFO&#8221; type=&#8221;simplelineicons&#8221; icon_simplelineicons=&#8221;icon-arrow-right&#8221; icon_pos=&#8221;icon-right&#8221; color=&#8221;btn_black&#8221; css_animation=&#8221;bottom-to-top&#8221; css_animation_delay=&#8221;delay-700&#8243; icon_name=&#8221;icon-arrow-right&#8221; link=&#8221;url:http%3A%2F%2Flasaldelatierra.es%2Fproductos-servicios%2Faerotermia%2F|||&#8221;][vc_empty_space height=&#8221;50px&#8221;][\/vc_column][vc_column width=&#8221;1\/3&#8243;][vc_service type=&#8221;linecons&#8221; icon_linecons=&#8221;vc_li vc_li-params&#8221; title=&#8221;&#8221; icon_position=&#8221;sb_center&#8221; icon_shape=&#8221;service-hexagon&#8221; css_animation=&#8221;bottom-to-top&#8221; css_animation_delay=&#8221;delay-600&#8243; icon_name=&#8221;li_params&#8221; icon_color=&#8221;#ffffff&#8221; bg_color=&#8221;#30b9e6&#8243;][\/vc_service][vc_column_text]<\/p>\n<h2>FOTOVOLTAICA<\/h2>\n<p>Proyectos llave en mano<br \/>\nPaneles fotovoltaicos<br \/>\nInversores<br \/>\nBater\u00edas[\/vc_column_text][vc_empty_space height=&#8221;30px&#8221;][vc_button title=&#8221;M\u00c1S INFO&#8221; type=&#8221;simplelineicons&#8221; icon_simplelineicons=&#8221;icon-arrow-right&#8221; icon_pos=&#8221;icon-right&#8221; color=&#8221;btn_black&#8221; css_animation=&#8221;bottom-to-top&#8221; css_animation_delay=&#8221;delay-800&#8243; icon_name=&#8221;icon-arrow-right&#8221; link=&#8221;url:http%3A%2F%2Flasaldelatierra.es%2Fproductos-servicios%2Ffotovoltaica%2F|||&#8221;][vc_empty_space height=&#8221;50px&#8221;][\/vc_column][\/vc_row][vc_row top=&#8221;0px&#8221; bottom=&#8221;80px&#8221; textalign=&#8221;center&#8221;][vc_column width=&#8221;1\/3&#8243;][vc_service type=&#8221;simplelineicons&#8221; icon_simplelineicons=&#8221;icon-speedometer&#8221; title=&#8221;&#8221; icon_position=&#8221;sb_center&#8221; icon_shape=&#8221;service-hexagon&#8221; css_animation=&#8221;bottom-to-top&#8221; css_animation_delay=&#8221;delay-200&#8243; icon_name=&#8221;icon-speedometer&#8221; icon_color=&#8221;#ffffff&#8221; bg_color=&#8221;#30b9e6&#8243;][\/vc_service][vc_column_text]<\/p>\n<h2>SOLAR T\u00c9RMICA<\/h2>\n<p>Proyectos llave en mano<br \/>\nPaneles t\u00e9rmicos<br \/>\nDep\u00f3sitos acumuladores[\/vc_column_text][vc_empty_space height=&#8221;30px&#8221;][vc_button title=&#8221;M\u00c1S INFO&#8221; type=&#8221;simplelineicons&#8221; icon_simplelineicons=&#8221;icon-arrow-right&#8221; icon_pos=&#8221;icon-right&#8221; color=&#8221;btn_black&#8221; css_animation=&#8221;bottom-to-top&#8221; css_animation_delay=&#8221;delay-600&#8243; icon_name=&#8221;icon-arrow-right&#8221; link=&#8221;url:http%3A%2F%2Flasaldelatierra.es%2Fproductos-servicios%2Fpaneles-solares-termicos%2F|||&#8221;][vc_empty_space height=&#8221;50px&#8221;][\/vc_column][vc_column width=&#8221;1\/3&#8243;][vc_service type=&#8221;linecons&#8221; icon_linecons=&#8221;vc_li vc_li-display&#8221; title=&#8221;&#8221; icon_position=&#8221;sb_center&#8221; icon_shape=&#8221;service-hexagon&#8221; css_animation=&#8221;bottom-to-top&#8221; css_animation_delay=&#8221;delay-400&#8243; icon_name=&#8221;li_display&#8221; icon_color=&#8221;#ffffff&#8221; bg_color=&#8221;#30b9e6&#8243;][\/vc_service][vc_column_text]<\/p>\n<h2>EFICIENCIA ENERG\u00c9TICA<\/h2>\n<p>Estudios y asesor\u00eda<br \/>\nProyectos de inversi\u00f3n (modelo ESE)[\/vc_column_text][vc_empty_space height=&#8221;30px&#8221;][vc_button title=&#8221;M\u00c1S INFO&#8221; type=&#8221;simplelineicons&#8221; icon_simplelineicons=&#8221;icon-arrow-right&#8221; icon_pos=&#8221;icon-right&#8221; color=&#8221;btn_black&#8221; css_animation=&#8221;bottom-to-top&#8221; css_animation_delay=&#8221;delay-700&#8243; icon_name=&#8221;icon-arrow-right&#8221; link=&#8221;url:http%3A%2F%2Flasaldelatierra.es%2Fproductos-servicios%2Feficiencia-energetica%2F|||&#8221;][vc_empty_space height=&#8221;50px&#8221;][\/vc_column][vc_column width=&#8221;1\/3&#8243;][vc_service type=&#8221;linecons&#8221; icon_linecons=&#8221;vc_li vc_li-params&#8221; title=&#8221;&#8221; icon_position=&#8221;sb_center&#8221; icon_shape=&#8221;service-hexagon&#8221; css_animation=&#8221;bottom-to-top&#8221; css_animation_delay=&#8221;delay-600&#8243; icon_name=&#8221;li_params&#8221; icon_color=&#8221;#ffffff&#8221; bg_color=&#8221;#30b9e6&#8243;][\/vc_service][vc_column_text]<\/p>\n<h2>VIVIENDAS SOSTENIBLES<\/h2>\n<p>Dise\u00f1o integral de los sistemas energ\u00e9ticos y eficiencia: casas pasivas.<br \/>\nCargadores de coches el\u00e9ctricos[\/vc_column_text][vc_empty_space height=&#8221;30px&#8221;][vc_button title=&#8221;M\u00c1S INFO&#8221; type=&#8221;simplelineicons&#8221; icon_simplelineicons=&#8221;icon-arrow-right&#8221; icon_pos=&#8221;icon-right&#8221; color=&#8221;btn_black&#8221; css_animation=&#8221;bottom-to-top&#8221; css_animation_delay=&#8221;delay-800&#8243; icon_name=&#8221;icon-arrow-right&#8221; link=&#8221;url:http%3A%2F%2Flasaldelatierra.es%2Fproductos-servicios%2Fviviendas-sostenibles%2F|||&#8221;][vc_empty_space height=&#8221;50px&#8221;][\/vc_column][\/vc_row][vc_row top=&#8221;0px&#8221; bottom=&#8221;80px&#8221; textalign=&#8221;center&#8221;][vc_column width=&#8221;1\/3&#8243;][vc_service type=&#8221;simplelineicons&#8221; icon_simplelineicons=&#8221;icon-speedometer&#8221; title=&#8221;&#8221; icon_position=&#8221;sb_center&#8221; icon_shape=&#8221;service-hexagon&#8221; css_animation=&#8221;bottom-to-top&#8221; css_animation_delay=&#8221;delay-200&#8243; icon_name=&#8221;icon-speedometer&#8221; icon_color=&#8221;#ffffff&#8221; bg_color=&#8221;#30b9e6&#8243;][\/vc_service][vc_column_text]<\/p>\n<h2>INGENIER\u00cdA Y CONSULTOR\u00cdA<\/h2>\n<p>Servicios de Ingenier\u00eda (Dise\u00f1o, direcci\u00f3n proyecto)<br \/>\nConsultor\u00eda sobre energ\u00eda y Eficiencia Energ\u00e9tica[\/vc_column_text][vc_empty_space height=&#8221;30px&#8221;][vc_button title=&#8221;M\u00c1S INFO&#8221; type=&#8221;simplelineicons&#8221; icon_simplelineicons=&#8221;icon-arrow-right&#8221; icon_pos=&#8221;icon-right&#8221; color=&#8221;btn_black&#8221; css_animation=&#8221;bottom-to-top&#8221; css_animation_delay=&#8221;delay-600&#8243; icon_name=&#8221;icon-arrow-right&#8221; link=&#8221;url:http%3A%2F%2Flasaldelatierra.es%2Fproductos-servicios%2Fingenieria-consultoria%2F|||&#8221;][vc_empty_space height=&#8221;50px&#8221;][\/vc_column][vc_column width=&#8221;1\/3&#8243;][vc_service type=&#8221;simplelineicons&#8221; icon_simplelineicons=&#8221;icon-speedometer&#8221; title=&#8221;&#8221; icon_position=&#8221;sb_center&#8221; icon_shape=&#8221;service-hexagon&#8221; css_animation=&#8221;bottom-to-top&#8221; css_animation_delay=&#8221;delay-200&#8243; icon_name=&#8221;icon-speedometer&#8221; icon_color=&#8221;#ffffff&#8221; bg_color=&#8221;#30b9e6&#8243;][\/vc_service][vc_column_text]<\/p>\n<h2>EMPRESA DE SERVICIOS ENERG\u00c9TICOS<\/h2>\n<p>Servicios de financiaci\u00f3n de inversiones en eficiencia energ\u00e9tica y suministro de energ\u00eda renovable. Hacemos la inversi\u00f3n por usted.[\/vc_column_text][vc_empty_space height=&#8221;30px&#8221;][vc_button title=&#8221;M\u00c1S INFO&#8221; type=&#8221;simplelineicons&#8221; icon_simplelineicons=&#8221;icon-arrow-right&#8221; icon_pos=&#8221;icon-right&#8221; color=&#8221;btn_black&#8221; css_animation=&#8221;bottom-to-top&#8221; css_animation_delay=&#8221;delay-700&#8243; icon_name=&#8221;icon-arrow-right&#8221; link=&#8221;url:http%3A%2F%2Flasaldelatierra.es%2Fproductos-servicios%2Fempresa-servicios%20energeticos%2F|||&#8221;][vc_empty_space height=&#8221;50px&#8221;][\/vc_column][vc_column width=&#8221;1\/3&#8243;][vc_service type=&#8221;linecons&#8221; icon_linecons=&#8221;vc_li vc_li-display&#8221; title=&#8221;&#8221; icon_position=&#8221;sb_center&#8221; icon_shape=&#8221;service-hexagon&#8221; css_animation=&#8221;bottom-to-top&#8221; css_animation_delay=&#8221;delay-400&#8243; icon_name=&#8221;li_display&#8221; icon_color=&#8221;#ffffff&#8221; bg_color=&#8221;#30b9e6&#8243;][\/vc_service][vc_column_text]<\/p>\n<h2>PERITOS JUDICIALES<\/h2>\n<p>Realizaci\u00f3n de peritajes judiciales en el \u00e1mbito de la Eficiencia Energ\u00e9tica, las Energ\u00edas Renovables y las Energ\u00edas Convencionales.[\/vc_column_text][vc_empty_space height=&#8221;30px&#8221;][vc_button title=&#8221;M\u00c1S INFO&#8221; type=&#8221;simplelineicons&#8221; icon_simplelineicons=&#8221;icon-arrow-right&#8221; icon_pos=&#8221;icon-right&#8221; color=&#8221;btn_black&#8221; css_animation=&#8221;bottom-to-top&#8221; css_animation_delay=&#8221;delay-700&#8243; icon_name=&#8221;icon-arrow-right&#8221; link=&#8221;url:http%3A%2F%2Flasaldelatierra.es%2Fproductos-servicios%2Finformes-periciales%2F|||&#8221;][vc_empty_space height=&#8221;50px&#8221;][\/vc_column][\/vc_row]<\/p>\n","protected":false},"excerpt":{"rendered":"<p>[vc_row top=&#8221;280px&#8221; bottom=&#8221;200px&#8221; content_fadeout=&#8221;content-fadeout&#8221; overlay_pattern=&#8221;sm_cell_b&#8221; overlay_pattern_op=&#8221;0.1&#8243; bg_color=&#8221;#3e4058&#8243;][vc_column][vc_heading h_size=&#8221;h-extralarge&#8221; title=&#8221;Productos y servicios&#8221; title_tag=&#8221;h2&#8243; title_color=&#8221;#ffffff&#8221; subtitle_color=&#8221;#ffffff&#8221; divider=&#8221;div-between&#8221; divider_type=&#8221;div-wide-thick&#8221; divider_color=&#8221;#30b9e6&#8243;][vc_column_text]Energias Renovables y Eficiencia Energ\u00e9tica. Nos dedicamos a mejorar la eficiencia energ\u00e9tica y a realizar proyectos de energ\u00edas renovables tanto en empresas como en viviendas y edificios. Las energ\u00edas renovables como la geotermia, la fotovoltaica, la aerotermia, la solar t\u00e9rmica e incluso, aunque en menor medida, la e\u00f3lica ya forman parte del entorno natural de las empresas y viviendas&#8230;.  <\/p>\n<div class=\"read-more\"><a class=\"excerpt-read-more\" href=\"https:\/\/lasaldelatierra.es\/en\/products-services\/\" title=\"Continue reading Products and Services\">Read more<i class=\"fa fa-angle-right\"><\/i><\/a><\/div>\n","protected":false},"author":4,"featured_media":0,"parent":0,"menu_order":0,"comment_status":"open","ping_status":"open","template":"page-full-width.php","meta":{"spay_email":""},"_links":{"self":[{"href":"https:\/\/lasaldelatierra.es\/en\/wp-json\/wp\/v2\/pages\/6326"}],"collection":[{"href":"https:\/\/lasaldelatierra.es\/en\/wp-json\/wp\/v2\/pages"}],"about":[{"href":"https:\/\/lasaldelatierra.es\/en\/wp-json\/wp\/v2\/types\/page"}],"author":[{"embeddable":true,"href":"https:\/\/lasaldelatierra.es\/en\/wp-json\/wp\/v2\/users\/4"}],"replies":[{"embeddable":true,"href":"https:\/\/lasaldelatierra.es\/en\/wp-json\/wp\/v2\/comments?post=6326"}],"version-history":[{"count":7,"href":"https:\/\/lasaldelatierra.es\/en\/wp-json\/wp\/v2\/pages\/6326\/revisions"}],"predecessor-version":[{"id":16675,"href":"https:\/\/lasaldelatierra.es\/en\/wp-json\/wp\/v2\/pages\/6326\/revisions\/16675"}],"wp:attachment":[{"href":"https:\/\/lasaldelatierra.es\/en\/wp-json\/wp\/v2\/media?parent=6326"}],"curies":[{"name":"wp","href":"https:\/\/api.w.org\/{rel}","templated":true}]}}