{"id":6066,"date":"2015-06-14T10:14:22","date_gmt":"2015-06-14T10:14:22","guid":{"rendered":"http:\/\/lasaldelatierra.es\/?page_id=6066&#038;lang=en"},"modified":"2021-03-04T19:05:24","modified_gmt":"2021-03-04T19:05:24","slug":"energias-renovables-eficiencia-energetica","status":"publish","type":"page","link":"https:\/\/lasaldelatierra.es\/en\/","title":{"rendered":"Renewable Energy and Energy Efficiency"},"content":{"rendered":"<p>[vc_row full_content_width=&#8221;row-inner-full&#8221; top=&#8221;0px&#8221; bottom=&#8221;0px&#8221; gap=&#8221;0&#8243;][vc_column][rev_slider_vc alias=&#8221;home-english&#8221;][\/vc_column][\/vc_row][vc_row top=&#8221;100px&#8221; bottom=&#8221;30px&#8221;][vc_column][vc_heading title=&#8221;Products and Services&#8221; title_color=&#8221;#374357&#8243; subtitle=&#8221;We are experts in Renewable Energy and Energy Efficiency . These are the different ways we can help you&#8221; subtitle_color=&#8221;#7d8d9e&#8221; css_animation=&#8221;top-to-bottom&#8221;][\/vc_column][\/vc_row][vc_row top=&#8221;30px&#8221; bottom=&#8221;10px&#8221;][vc_column width=&#8221;1\/3&#8243; css_animation=&#8221;left-to-right&#8221;][vc_magic_image image=&#8221;6104&#8243; alignment=&#8221;center&#8221; radius=&#8221;5px&#8221; img_link=&#8221;page_link&#8221; icon=&#8221;img_icon&#8221; icon_position=&#8221;icon-top-right&#8221; image_hover=&#8221;h_scale_up&#8221; h_overlay=&#8221;overlay_h&#8221; overlay_color=&#8221;rgba(31,39,61,0.5)&#8221; css_animation=&#8221;appear&#8221; style=&#8221;vc_box_shadow_3d&#8221; link=&#8221;url:http%3A%2F%2Flasaldelatierra.es%2Fproductos-servicios%2Fgeotermia%2F|||&#8221; img_size=&#8221;large&#8221;][vc_empty_space height=&#8221;20px&#8221;][vc_column_text css_animation=&#8221;bottom-to-top&#8221;]<\/p>\n<h2 style=\"color: #374357;\">GEOTHERMAL ENERGY<\/h2>\n<p>[\/vc_column_text][vc_column_text css_animation=&#8221;bottom-to-top&#8221;]Turnkey projects of heating, cooling and DHW systems, using Geothermal Energy. Finance scheme through Energy Services Company (ESCO) system.[\/vc_column_text][vc_empty_space height=&#8221;20px&#8221;][vc_button title=&#8221;More info&#8221; border_radius=&#8221;sl_rounded&#8221; css_animation=&#8221;bottom-to-top&#8221; css_animation_delay=&#8221;delay-200&#8243; link=&#8221;url:http%3A%2F%2Flasaldelatierra.es%2Fproductos-servicios%2Fgeotermia%2F|||&#8221;][vc_empty_space height=&#8221;80px&#8221;][vc_magic_image image=&#8221;6103&#8243; alignment=&#8221;center&#8221; radius=&#8221;5px&#8221; img_link=&#8221;page_link&#8221; icon=&#8221;img_icon&#8221; icon_position=&#8221;icon-top-right&#8221; image_hover=&#8221;h_scale_up&#8221; h_overlay=&#8221;overlay_h&#8221; overlay_color=&#8221;rgba(31,39,61,0.5)&#8221; css_animation=&#8221;appear&#8221; style=&#8221;vc_box_shadow_3d&#8221; img_size=&#8221;full&#8221; link=&#8221;url:http%3A%2F%2Flasaldelatierra.es%2Fproductos-servicios%2Faerotermia%2F|||&#8221;][vc_empty_space height=&#8221;20px&#8221;][vc_column_text css_animation=&#8221;bottom-to-top&#8221;]<\/p>\n<h2 style=\"color: #374357;\">AEROTHERMIA<\/h2>\n<p>[\/vc_column_text][vc_column_text css_animation=&#8221;bottom-to-top&#8221;]Turnkey projects of heating, cooling and DHW systems using Aerothermia. Hybridization with other Renewable Energies.[\/vc_column_text][vc_empty_space height=&#8221;20px&#8221;][vc_button title=&#8221;More info&#8221; border_radius=&#8221;sl_rounded&#8221; css_animation=&#8221;bottom-to-top&#8221; css_animation_delay=&#8221;delay-200&#8243; link=&#8221;url:http%3A%2F%2Flasaldelatierra.es%2Fproductos-servicios%2Faerotermia%2F|||&#8221;][vc_empty_space height=&#8221;120px&#8221;][vc_magic_image image=&#8221;6096&#8243; alignment=&#8221;center&#8221; radius=&#8221;5px&#8221; img_link=&#8221;page_link&#8221; icon=&#8221;img_icon&#8221; icon_position=&#8221;icon-top-right&#8221; image_hover=&#8221;h_scale_up&#8221; h_overlay=&#8221;overlay_h&#8221; overlay_color=&#8221;rgba(31,39,61,0.5)&#8221; css_animation=&#8221;appear&#8221; style=&#8221;vc_box_shadow_3d&#8221; img_size=&#8221;full&#8221; link=&#8221;url:http%3A%2F%2Flasaldelatierra.es%2Fproductos-servicios%2Fingenieria-consultoria%2F|||&#8221;][vc_empty_space height=&#8221;20px&#8221;][vc_column_text css_animation=&#8221;bottom-to-top&#8221;]<\/p>\n<h2 style=\"color: #374357;\">ENGINEERING AND CONSULTING<\/h2>\n<p>[\/vc_column_text][vc_column_text css_animation=&#8221;bottom-to-top&#8221;]Engineering Services and Consulting for Energy Projects: Renewable Energy, Cogeneration, Conventional power and Energy Efficiency.[\/vc_column_text][vc_empty_space height=&#8221;20px&#8221;][vc_button title=&#8221;More info&#8221; border_radius=&#8221;sl_rounded&#8221; css_animation=&#8221;bottom-to-top&#8221; css_animation_delay=&#8221;delay-200&#8243; link=&#8221;url:http%3A%2F%2Flasaldelatierra.es%2Fproductos-servicios%2Fingenieria-consultoria%2F|||&#8221;][vc_empty_space height=&#8221;120px&#8221;][vc_magic_image image=&#8221;5689&#8243; alignment=&#8221;center&#8221; radius=&#8221;5px&#8221; img_link=&#8221;page_link&#8221; icon=&#8221;img_icon&#8221; icon_position=&#8221;icon-top-right&#8221; image_hover=&#8221;h_scale_up&#8221; h_overlay=&#8221;overlay_h&#8221; overlay_color=&#8221;rgba(31,39,61,0.5)&#8221; css_animation=&#8221;appear&#8221; style=&#8221;vc_box_shadow_3d&#8221; img_size=&#8221;full&#8221; link=&#8221;url:https%3A%2F%2Flasaldelatierra.es%2Fen%2Fproducts-services%2Finversting-in-renewable-energy%2F|||&#8221;][vc_empty_space height=&#8221;20px&#8221;][vc_column_text css_animation=&#8221;bottom-to-top&#8221;]<\/p>\n<h2 style=\"color: #374357;\">INVESTING IN RENEWABLE ENERGY<\/h2>\n<p>[\/vc_column_text][vc_column_text css_animation=&#8221;bottom-to-top&#8221;]Are you looking for a Renewable Energy project to invest in?<\/p>\n<p>Are you looking for an investor to sell your Renewable Energy Project?<\/p>\n<p>Do you want to develop a Renewable Energy project?<\/p>\n<p>We can help you if you are in any of this situations. Contact us and we will inform you about what we can do for you.[\/vc_column_text][vc_empty_space][vc_button title=&#8221;More info&#8221; border_radius=&#8221;sl_rounded&#8221; css_animation=&#8221;bottom-to-top&#8221; css_animation_delay=&#8221;delay-200&#8243; link=&#8221;url:https%3A%2F%2Flasaldelatierra.es%2Fen%2Fproducts-services%2Finversting-in-renewable-energy%2F|||&#8221;][vc_empty_space][\/vc_column][vc_column width=&#8221;1\/3&#8243;][vc_magic_image image=&#8221;5689&#8243; alignment=&#8221;center&#8221; radius=&#8221;5px&#8221; img_link=&#8221;page_link&#8221; icon=&#8221;img_icon_h&#8221; icon_position=&#8221;icon-top-right&#8221; image_hover=&#8221;h_scale_up&#8221; h_overlay=&#8221;overlay_h&#8221; overlay_color=&#8221;rgba(31,39,61,0.5)&#8221; css_animation=&#8221;appear&#8221; style=&#8221;vc_box_shadow_3d&#8221; img_size=&#8221;large&#8221; link=&#8221;url:http%3A%2F%2Flasaldelatierra.es%2Fproductos-servicios%2Ffotovoltaica%2F|||&#8221;][vc_empty_space height=&#8221;20px&#8221;][vc_column_text css_animation=&#8221;bottom-to-top&#8221;]<\/p>\n<h2 style=\"color: #374357;\">PHOTOVOLTAIC (PV)<\/h2>\n<p>[\/vc_column_text][vc_column_text css_animation=&#8221;bottom-to-top&#8221;]Turnkey projects for grid conectes or isolated Photovoltaic projects.[\/vc_column_text][vc_empty_space height=&#8221;20px&#8221;][vc_button title=&#8221;More info&#8221; border_radius=&#8221;sl_rounded&#8221; css_animation=&#8221;bottom-to-top&#8221; css_animation_delay=&#8221;delay-200&#8243; link=&#8221;url:http%3A%2F%2Flasaldelatierra.es%2Fproductos-servicios%2Ffotovoltaica%2F|||&#8221;][vc_empty_space height=&#8221;90px&#8221;][vc_magic_image image=&#8221;6101&#8243; alignment=&#8221;center&#8221; radius=&#8221;5px&#8221; img_link=&#8221;page_link&#8221; icon=&#8221;img_icon_h&#8221; icon_position=&#8221;icon-top-right&#8221; image_hover=&#8221;h_scale_up&#8221; h_overlay=&#8221;overlay_h&#8221; overlay_color=&#8221;rgba(31,39,61,0.5)&#8221; css_animation=&#8221;appear&#8221; style=&#8221;vc_box_shadow_3d&#8221; img_size=&#8221;full&#8221; link=&#8221;url:http%3A%2F%2Flasaldelatierra.es%2Fproductos-servicios%2Fsolar-termica%2F|||&#8221;][vc_empty_space height=&#8221;40px&#8221;][vc_column_text css_animation=&#8221;bottom-to-top&#8221;]<\/p>\n<h2 style=\"color: #374357;\">SOLAR THERMAL<\/h2>\n<p>[\/vc_column_text][vc_column_text css_animation=&#8221;bottom-to-top&#8221;]Turnkey projects of Solar Thermal systems. Hybridization with other Renewable Energies to satisfy the overall energy demand.[\/vc_column_text][vc_empty_space height=&#8221;20px&#8221;][vc_button title=&#8221;More info&#8221; border_radius=&#8221;sl_rounded&#8221; css_animation=&#8221;bottom-to-top&#8221; css_animation_delay=&#8221;delay-200&#8243; link=&#8221;url:http%3A%2F%2Flasaldelatierra.es%2Fproductos-servicios%2Fsolar-termica%2F|||&#8221;][vc_empty_space height=&#8221;110px&#8221;][vc_magic_image image=&#8221;6105&#8243; alignment=&#8221;center&#8221; radius=&#8221;5px&#8221; img_link=&#8221;page_link&#8221; icon=&#8221;img_icon_h&#8221; icon_position=&#8221;icon-top-right&#8221; image_hover=&#8221;h_scale_up&#8221; h_overlay=&#8221;overlay_h&#8221; overlay_color=&#8221;rgba(31,39,61,0.5)&#8221; css_animation=&#8221;appear&#8221; style=&#8221;vc_box_shadow_3d&#8221; img_size=&#8221;full&#8221; link=&#8221;url:http%3A%2F%2Flasaldelatierra.es%2Fproductos-servicios%2Finformes-periciales%2F|||&#8221;][vc_empty_space height=&#8221;20px&#8221;][vc_column_text css_animation=&#8221;bottom-to-top&#8221;]<\/p>\n<h2 style=\"color: #374357;\">EXPERT REPORTS<\/h2>\n<p>[\/vc_column_text][vc_column_text css_animation=&#8221;bottom-to-top&#8221;]Elaboration of expert reports for trials, arbitrations or any other purpose. We have available a team of experts specialized in Renewable Energy, Energy Efficiency and Conventional Energy.[\/vc_column_text][vc_empty_space height=&#8221;20px&#8221;][vc_button title=&#8221;More info&#8221; border_radius=&#8221;sl_rounded&#8221; css_animation=&#8221;bottom-to-top&#8221; css_animation_delay=&#8221;delay-200&#8243; link=&#8221;url:http%3A%2F%2Flasaldelatierra.es%2Fproductos-servicios%2Finformes-periciales|||&#8221;][vc_empty_space height=&#8221;20px&#8221;][\/vc_column][vc_column width=&#8221;1\/3&#8243; css_animation=&#8221;right-to-left&#8221;][vc_magic_image image=&#8221;5687&#8243; alignment=&#8221;center&#8221; radius=&#8221;5px&#8221; img_link=&#8221;page_link&#8221; icon=&#8221;img_icon_h&#8221; icon_position=&#8221;icon-top-right&#8221; image_hover=&#8221;h_scale_up&#8221; h_overlay=&#8221;overlay_h&#8221; overlay_color=&#8221;rgba(31,39,61,0.5)&#8221; css_animation=&#8221;appear&#8221; style=&#8221;vc_box_shadow_3d&#8221; img_size=&#8221;full&#8221; link=&#8221;url:http%3A%2F%2Flasaldelatierra.es%2Fproductos-servicios%2Feficiencia-energetica%2F|||&#8221;][vc_empty_space height=&#8221;20px&#8221;][vc_column_text css_animation=&#8221;bottom-to-top&#8221;]<\/p>\n<h2 style=\"color: #374357;\">ENERGY\u00a0EFFICIENCY<\/h2>\n<p>[\/vc_column_text][vc_column_text css_animation=&#8221;bottom-to-top&#8221;]Energy Audit and Improvement Projects. Finance scheme through Energy Services Company (ESCO)[\/vc_column_text][vc_empty_space height=&#8221;20px&#8221;][vc_button title=&#8221;More info&#8221; border_radius=&#8221;sl_rounded&#8221; css_animation=&#8221;bottom-to-top&#8221; css_animation_delay=&#8221;delay-200&#8243; link=&#8221;url:http%3A%2F%2Flasaldelatierra.es%2Fproductos-servicios%2Feficiencia-energetica%2F|||&#8221;][vc_empty_space height=&#8221;50px&#8221;][vc_magic_image image=&#8221;6097&#8243; alignment=&#8221;center&#8221; radius=&#8221;5px&#8221; img_link=&#8221;page_link&#8221; icon=&#8221;img_icon_h&#8221; icon_position=&#8221;icon-top-right&#8221; image_hover=&#8221;h_scale_up&#8221; h_overlay=&#8221;overlay_h&#8221; overlay_color=&#8221;rgba(31,39,61,0.5)&#8221; css_animation=&#8221;appear&#8221; style=&#8221;vc_box_shadow_3d&#8221; img_size=&#8221;full&#8221; link=&#8221;url:http%3A%2F%2Flasaldelatierra.es%2Fproductos-servicios%2Fviviendas-sostenibles%2F|||&#8221;][vc_empty_space height=&#8221;20px&#8221;][vc_column_text css_animation=&#8221;bottom-to-top&#8221;]<\/p>\n<h2 style=\"color: #374357;\">SUSTAINABLE BUILDINGS<\/h2>\n<p>[\/vc_column_text][vc_column_text css_animation=&#8221;bottom-to-top&#8221;]Building design for low energy demand and integration of Renewable Energies. We provide technical advice and services to Architects for the proper integration and implementation of Energy Efficiency measures and Renewable Energy systems in houses, buildings, office buildings and factories.[\/vc_column_text][vc_empty_space height=&#8221;20px&#8221;][vc_button title=&#8221;More info&#8221; border_radius=&#8221;sl_rounded&#8221; css_animation=&#8221;bottom-to-top&#8221; css_animation_delay=&#8221;delay-200&#8243; link=&#8221;url:http%3A%2F%2Flasaldelatierra.es%2Fproductos-servicios%2Fviviendas-sostenibles%2F|||&#8221;][vc_empty_space height=&#8221;50px&#8221;][vc_magic_image image=&#8221;6172&#8243; alignment=&#8221;center&#8221; radius=&#8221;5px&#8221; img_link=&#8221;page_link&#8221; icon=&#8221;img_icon_h&#8221; icon_position=&#8221;icon-top-right&#8221; image_hover=&#8221;h_scale_up&#8221; h_overlay=&#8221;overlay_h&#8221; overlay_color=&#8221;rgba(31,39,61,0.5)&#8221; css_animation=&#8221;appear&#8221; style=&#8221;vc_box_shadow_3d&#8221; img_size=&#8221;full&#8221; link=&#8221;url:http%3A%2F%2Flasaldelatierra.es%2Fproductos-servicios%2Fempresa-servicios-energeticos%2F|||&#8221;][vc_empty_space height=&#8221;20px&#8221;][vc_column_text css_animation=&#8221;bottom-to-top&#8221;]<\/p>\n<h2 style=\"color: #374357;\">ENERGY SERVICES COMPANY (ESCO)<\/h2>\n<p>[\/vc_column_text][vc_column_text css_animation=&#8221;bottom-to-top&#8221;]Financing for Energy Efficiency and Renewable Energy projects through the ESCO\u00a0scheme.[\/vc_column_text][vc_empty_space height=&#8221;20px&#8221;][vc_button title=&#8221;More info&#8221; border_radius=&#8221;sl_rounded&#8221; css_animation=&#8221;bottom-to-top&#8221; css_animation_delay=&#8221;delay-200&#8243; link=&#8221;url:http%3A%2F%2Flasaldelatierra.es%2Fproductos-servicios%2Fempresa-servicios-energeticos%2F|||&#8221;][vc_empty_space height=&#8221;20px&#8221;][\/vc_column][vc_column][\/vc_column][vc_column][\/vc_column][\/vc_row][vc_row top=&#8221;205px&#8221; bottom=&#8221;95px&#8221; slope_top=&#8221;slope-top&#8221; slope_top_height=&#8221;200px&#8221; slope_bottom=&#8221;slope-bottom&#8221; slope_bottom_dir=&#8221;slope-bottom-right&#8221; slope_bottom_height=&#8221;200px&#8221; slope_top_color=&#8221;#ffffff&#8221; slope_bottom_color=&#8221;#ffffff&#8221; bg_color=&#8221;#3e4058&#8243;][vc_column col_height_type=&#8221;fixed_height&#8221; height=&#8221;500&#8243; offset=&#8221;vc_col-lg-6 vc_col-md-6 vc_hidden-sm vc_hidden-xs&#8221;][vc_magic_image image=&#8221;5725&#8243; alignment=&#8221;center&#8221; img_link=&#8221;video_popup&#8221; icon=&#8221;img_icon_h&#8221; icon_size=&#8221;icon-extralarge&#8221; link_trigger=&#8221;link_icon&#8221; css_animation=&#8221;bottom-to-top&#8221; css_animation_delay=&#8221;delay-600&#8243; img_size=&#8221;full&#8221; iframe_link=&#8221;https:\/\/www.youtube.com\/watch?v=bUcySneaMgM&#8221;][\/vc_column][vc_column offset=&#8221;vc_col-lg-6 vc_col-md-6&#8243;][vc_empty_space height=&#8221;10px&#8221;][vc_service type=&#8221;linecons&#8221; icon_linecons=&#8221;vc_li vc_li-user&#8221; title=&#8221;Particulares&#8221; icon_shape=&#8221;service-circle&#8221; icon_hover_1=&#8221;h-scale&#8221; css_animation=&#8221;right-to-left&#8221; icon_color=&#8221;#ffffff&#8221; heading_color=&#8221;#f65d83&#8243; descr_color=&#8221;#ffffff&#8221; bg_color=&#8221;#f65d83&#8243;]Conozca c\u00f3mo mejorar la eficiencia energ\u00e9tica e integrar energ\u00edas renovables en su nueva vivienda o reforma. Ahora es posible hacerlo y rentabilizar su inversi\u00f3n. Averig\u00fce c\u00f3mo podemos ayudarle.[\/vc_service][vc_empty_space height=&#8221;40px&#8221;][vc_service icon_fontawesome=&#8221;fa fa-home&#8221; title=&#8221;Promotores inmobiliarios&#8221; icon_shape=&#8221;service-rounded&#8221; css_animation=&#8221;right-to-left&#8221; icon_color=&#8221;#ffffff&#8221; heading_color=&#8221;#f65d83&#8243; descr_color=&#8221;#ffffff&#8221; bg_color=&#8221;#f65d83&#8243;]Conozca c\u00f3mo integrar la eficiencia energ\u00e9tica y las energ\u00edas renovables y as\u00ed conseguir promociones m\u00e1s atractivas, con grandes ventajas y plazos de venta inferiores. Averig\u00fce c\u00f3mo podemos ayudarle.[\/vc_service][vc_empty_space height=&#8221;40px&#8221;][vc_service icon_fontawesome=&#8221;fa fa-building-o&#8221; title=&#8221;Empresas&#8221; icon_shape=&#8221;service-hexagon&#8221; css_animation=&#8221;right-to-left&#8221; icon_color=&#8221;#ffffff&#8221; heading_color=&#8221;#f65d83&#8243; descr_color=&#8221;#ffffff&#8221; bg_color=&#8221;#f65d83&#8243;]La eficiencia energ\u00e9tica y las renovables pueden mejorar la competitividad de su empresa y su posicionamiento estrat\u00e9gico e imagen, a la vez que reducen sus costes. Averig\u00fce c\u00f3mo podemos ayudarle.[\/vc_service][vc_empty_space height=&#8221;60px&#8221;][\/vc_column][vc_column offset=&#8221;vc_hidden-lg vc_hidden-md&#8221;][vc_magic_image image=&#8221;15&#8243; alignment=&#8221;center&#8221; img_link=&#8221;video_popup&#8221; icon=&#8221;img_icon_h&#8221; icon_size=&#8221;icon-extralarge&#8221; link_trigger=&#8221;link_icon&#8221; css_animation=&#8221;bottom-to-top&#8221; css_animation_delay=&#8221;delay-200&#8243; img_size=&#8221;full&#8221; iframe_link=&#8221;https:\/\/vimeo.com\/102629947&#8243;][\/vc_column][\/vc_row][vc_row top=&#8221;40px&#8221;][vc_column][vc_heading title=&#8221;Ventajas de la geotermia&#8221; title_color=&#8221;#374357&#8243; subtitle_color=&#8221;#7d8d9e&#8221; divider=&#8221;div-below&#8221; divider_type=&#8221;div-wide&#8221; divider_color=&#8221;#ededed&#8221;][vc_empty_space height=&#8221;30px&#8221;][vc_row_inner][vc_column_inner width=&#8221;1\/4&#8243;][vc_info_box icon_fontawesome=&#8221;fa fa-cloud&#8221; radius=&#8221;4px&#8221; shadow=&#8221;ib_shadow_l&#8221; heading=&#8221;Reducci\u00f3n de emisiones de CO2&#8243; description=&#8221;Reducci\u00f3n de las emisiones de gases de efecto invernadero pudiendo llegar a ser nulas en caso de mix energ\u00e9tico el\u00e9ctrico sin emisiones.&#8221; border_color=&#8221;#ededed&#8221; icon_color=&#8221;#ffffff&#8221; icon_cont_color=&#8221;#51cbf3&#8243;][\/vc_column_inner][vc_column_inner width=&#8221;1\/4&#8243;][vc_info_box icon_fontawesome=&#8221;fa fa-cloud&#8221; radius=&#8221;4px&#8221; shadow=&#8221;ib_shadow_l&#8221; heading=&#8221;Menor coste energ\u00e9tico&#8221; description=&#8221;El coste de la energ\u00eda t\u00e9rmica producida con geotermia es m\u00e1s barato que el producido por cualquier otro m\u00e9todo convencional (gasoil, gas natural, biomasa, aerotermia, etc.)<\/p>\n<p>&#8221; border_color=&#8221;#1abcf2&#8243; icon_color=&#8221;#ffffff&#8221; icon_cont_color=&#8221;rgba(0,0,0,0.07)&#8221; bg_color=&#8221;#51cbf3&#8243; heading_color=&#8221;#ffffff&#8221; content_color=&#8221;#ffffff&#8221; button_color=&#8221;#ffffff&#8221;][\/vc_column_inner][vc_column_inner width=&#8221;1\/4&#8243;][vc_info_box icon_fontawesome=&#8221;fa fa-cloud&#8221; radius=&#8221;4px&#8221; shadow=&#8221;ib_shadow_l&#8221; heading=&#8221;Menor coste de mantenimiento&#8221; description=&#8221;El coste de mantenimiento es inferior al de cualquier otro sistema convencional.&#8221; border_color=&#8221;#ededed&#8221; icon_color=&#8221;#ffffff&#8221; icon_cont_color=&#8221;#51cbf3&#8243;][\/vc_column_inner][vc_column_inner width=&#8221;1\/4&#8243;][vc_info_box icon_fontawesome=&#8221;fa fa-cloud&#8221; radius=&#8221;4px&#8221; shadow=&#8221;ib_shadow_l&#8221; heading=&#8221;Energ\u00eda renovable con garantia de disponibilidad&#8221; description=&#8221;Es la \u00fanica energ\u00eda renovable que ofrece una total disponibilidad 365 d\u00edas \/ 24 horas y se puede utilizar en pr\u00e1cticamente cualquier lugar.&#8221; border_color=&#8221;#1abcf2&#8243; icon_color=&#8221;#ffffff&#8221; icon_cont_color=&#8221;rgba(0,0,0,0.07)&#8221; bg_color=&#8221;#51cbf3&#8243; heading_color=&#8221;#ffffff&#8221; content_color=&#8221;#ffffff&#8221; button_color=&#8221;#ffffff&#8221;][\/vc_column_inner][\/vc_row_inner][vc_row_inner][vc_column_inner width=&#8221;1\/4&#8243;][vc_info_box icon_fontawesome=&#8221;fa fa-cloud&#8221; radius=&#8221;4px&#8221; shadow=&#8221;ib_shadow_l&#8221; heading=&#8221;Sin necesidad de sistema redundante&#8221; description=&#8221;Al tener plena disponibilidad elimina la necesidad de instalar otro sistema redundante, como es en el caso de la solar t\u00e9rmica. Elimina la necesidad de disponer de gas natural u otro combustible en la vivienda.&#8221; border_color=&#8221;#ededed&#8221; icon_color=&#8221;#ffffff&#8221; icon_cont_color=&#8221;#51cbf3&#8243;][\/vc_column_inner][vc_column_inner width=&#8221;1\/4&#8243;][vc_info_box icon_fontawesome=&#8221;fa fa-cloud&#8221; radius=&#8221;4px&#8221; shadow=&#8221;ib_shadow_l&#8221; heading=&#8221;Un \u00fanico sistema para calefacci\u00f3n, refrigeraci\u00f3n y ACS&#8221; description=&#8221;Proporciona calefacci\u00f3n, refrigeraci\u00f3n y ACS con una \u00fanica instalaci\u00f3n, eliminando la necesidad de instalar otro sistema para refrigeraci\u00f3n.&#8221; border_color=&#8221;#1abcf2&#8243; icon_color=&#8221;#ffffff&#8221; icon_cont_color=&#8221;rgba(0,0,0,0.07)&#8221; bg_color=&#8221;#51cbf3&#8243; heading_color=&#8221;#ffffff&#8221; content_color=&#8221;#ffffff&#8221; button_color=&#8221;#ffffff&#8221;][\/vc_column_inner][vc_column_inner width=&#8221;1\/4&#8243;][vc_info_box icon_fontawesome=&#8221;fa fa-cloud&#8221; radius=&#8221;4px&#8221; shadow=&#8221;ib_shadow_l&#8221; heading=&#8221;Ambiente m\u00e1s saludable&#8221; description=&#8221;Crea un ambiente m\u00e1s saludable si se utiliza con suelo radiante-refrescante, que disminuye la demanda energ\u00e9tica, elimina las corrientes de los sistemas de refrigeraci\u00f3n por aire y mejora la humedad relativa en las viviendas y edificios.&#8221; border_color=&#8221;#ededed&#8221; icon_color=&#8221;#ffffff&#8221; icon_cont_color=&#8221;#51cbf3&#8243;][\/vc_column_inner][vc_column_inner width=&#8221;1\/4&#8243;][vc_info_box icon_fontawesome=&#8221;fa fa-cloud&#8221; radius=&#8221;4px&#8221; shadow=&#8221;ib_shadow_l&#8221; heading=&#8221;No se ve ni se oye&#8221; description=&#8221;No es necesario instalar ning\u00fan equipo en el exterior (la solar t\u00e9rmica, por ejemplo, suele afectar a la est\u00e9tica arquitect\u00f3nica) y el nivel sonoro de la bomba de calor es muy bajo.&#8221; border_color=&#8221;#1abcf2&#8243; icon_color=&#8221;#ffffff&#8221; icon_cont_color=&#8221;rgba(0,0,0,0.07)&#8221; bg_color=&#8221;#51cbf3&#8243; heading_color=&#8221;#ffffff&#8221; content_color=&#8221;#ffffff&#8221; button_color=&#8221;#ffffff&#8221;][\/vc_column_inner][\/vc_row_inner][\/vc_column][\/vc_row][vc_row top=&#8221;120px&#8221; textalign=&#8221;center&#8221; slope_top=&#8221;slope-top&#8221; slope_top_color=&#8221;#ffffff&#8221; bg_color=&#8221;#3e4058&#8243;][vc_column][vc_column_text]<span style=\"font-size: 40px; font-weight: 200; color: #ffffff;\">\u00bfQu\u00e9 es la geotermia?<\/span><\/p>\n<p><span style=\"color: #ffffff;\">Pinche en la foto para m\u00e1s informaci\u00f3n<\/span>[\/vc_column_text][vc_empty_space height=&#8221;30px&#8221;][vc_row_inner][vc_column_inner width=&#8221;1\/3&#8243;][\/vc_column_inner][vc_column_inner width=&#8221;1\/3&#8243;][vc_magic_image image=&#8221;5844&#8243; alignment=&#8221;center&#8221; img_link=&#8221;video_popup&#8221; image_hover=&#8221;h_scale_down&#8221; css_animation=&#8221;appear&#8221; iframe_link=&#8221;https:\/\/www.youtube.com\/watch?v=RGOlQvIivvQ&#8221;][\/vc_column_inner][vc_column_inner width=&#8221;1\/3&#8243;][\/vc_column_inner][\/vc_row_inner][\/vc_column][\/vc_row]<\/p>\n","protected":false},"excerpt":{"rendered":"<p>[vc_row full_content_width=&#8221;row-inner-full&#8221; top=&#8221;0px&#8221; bottom=&#8221;0px&#8221; gap=&#8221;0&#8243;][vc_column][rev_slider_vc alias=&#8221;home-english&#8221;][\/vc_column][\/vc_row][vc_row top=&#8221;100px&#8221; bottom=&#8221;30px&#8221;][vc_column][vc_heading title=&#8221;Products and Services&#8221; title_color=&#8221;#374357&#8243; subtitle=&#8221;We are experts in Renewable Energy and Energy Efficiency . These are the different ways we can help you&#8221; subtitle_color=&#8221;#7d8d9e&#8221; css_animation=&#8221;top-to-bottom&#8221;][\/vc_column][\/vc_row][vc_row top=&#8221;30px&#8221; bottom=&#8221;10px&#8221;][vc_column width=&#8221;1\/3&#8243; css_animation=&#8221;left-to-right&#8221;][vc_magic_image image=&#8221;6104&#8243; alignment=&#8221;center&#8221; radius=&#8221;5px&#8221; img_link=&#8221;page_link&#8221; icon=&#8221;img_icon&#8221; icon_position=&#8221;icon-top-right&#8221; image_hover=&#8221;h_scale_up&#8221; h_overlay=&#8221;overlay_h&#8221; overlay_color=&#8221;rgba(31,39,61,0.5)&#8221; css_animation=&#8221;appear&#8221; style=&#8221;vc_box_shadow_3d&#8221; link=&#8221;url:http%3A%2F%2Flasaldelatierra.es%2Fproductos-servicios%2Fgeotermia%2F|||&#8221; img_size=&#8221;large&#8221;][vc_empty_space height=&#8221;20px&#8221;][vc_column_text css_animation=&#8221;bottom-to-top&#8221;] GEOTHERMAL ENERGY [\/vc_column_text][vc_column_text css_animation=&#8221;bottom-to-top&#8221;]Turnkey projects of heating, cooling and DHW systems, using Geothermal Energy. Finance scheme through Energy Services Company (ESCO) system.[\/vc_column_text][vc_empty_space height=&#8221;20px&#8221;][vc_button&#8230;  <\/p>\n<div class=\"read-more\"><a class=\"excerpt-read-more\" href=\"https:\/\/lasaldelatierra.es\/en\/\" title=\"Continue reading Renewable Energy and Energy Efficiency\">Read more<i class=\"fa fa-angle-right\"><\/i><\/a><\/div>\n","protected":false},"author":4,"featured_media":0,"parent":0,"menu_order":0,"comment_status":"open","ping_status":"open","template":"page-full-width.php","meta":{"spay_email":""},"_links":{"self":[{"href":"https:\/\/lasaldelatierra.es\/en\/wp-json\/wp\/v2\/pages\/6066"}],"collection":[{"href":"https:\/\/lasaldelatierra.es\/en\/wp-json\/wp\/v2\/pages"}],"about":[{"href":"https:\/\/lasaldelatierra.es\/en\/wp-json\/wp\/v2\/types\/page"}],"author":[{"embeddable":true,"href":"https:\/\/lasaldelatierra.es\/en\/wp-json\/wp\/v2\/users\/4"}],"replies":[{"embeddable":true,"href":"https:\/\/lasaldelatierra.es\/en\/wp-json\/wp\/v2\/comments?post=6066"}],"version-history":[{"count":26,"href":"https:\/\/lasaldelatierra.es\/en\/wp-json\/wp\/v2\/pages\/6066\/revisions"}],"predecessor-version":[{"id":16689,"href":"https:\/\/lasaldelatierra.es\/en\/wp-json\/wp\/v2\/pages\/6066\/revisions\/16689"}],"wp:attachment":[{"href":"https:\/\/lasaldelatierra.es\/en\/wp-json\/wp\/v2\/media?parent=6066"}],"curies":[{"name":"wp","href":"https:\/\/api.w.org\/{rel}","templated":true}]}}